{"id":76510,"date":"2022-12-19T17:26:11","date_gmt":"2022-12-19T16:26:11","guid":{"rendered":"https:\/\/www.bnblagomaggiore.com\/sport\/"},"modified":"2023-01-05T15:59:32","modified_gmt":"2023-01-05T14:59:32","slug":"sport","status":"publish","type":"page","link":"https:\/\/www.bnblagomaggiore.com\/de\/sport\/","title":{"rendered":"Sport"},"content":{"rendered":"\t\t<div data-elementor-type=\"wp-page\" data-elementor-id=\"76510\" class=\"elementor elementor-76510 elementor-75709\">\n\t\t\t\t\t\t<section class=\"elementor-section elementor-top-section elementor-element elementor-element-51c7abe elementor-section-content-bottom elementor-section-boxed elementor-section-height-default elementor-section-height-default\" data-id=\"51c7abe\" data-element_type=\"section\" data-e-type=\"section\">\n\t\t\t\t\t\t<div class=\"elementor-container elementor-column-gap-default\">\n\t\t\t\t\t<div class=\" elementor-column elementor-col-100 elementor-top-column elementor-element elementor-element-f7c5762\" data-fullscreen-column-settings=\"{&quot;fullscreen&quot;:&quot;&quot;}\" data-id=\"f7c5762\" data-element_type=\"column\" data-e-type=\"column\">\n\t\t\t<div class=\"elementor-widget-wrap elementor-element-populated\">\n\t\t\t\t\t\t<div class=\"elementor-element elementor-element-0562163 elementor-widget__width-initial elementor-widget-tablet__width-initial elementor-widget-mobile__width-inherit elementor-widget elementor-widget-litho-heading\" data-id=\"0562163\" data-element_type=\"widget\" data-e-type=\"widget\" data-widget_type=\"litho-heading.default\">\n\t\t\t\t<div class=\"elementor-widget-container\">\n\t\t\t\t\t<h5 class=\"litho-heading elementor-size-default\"><span class=\"litho-primary-title\">Welche Sportarten kannst du machen?<\/span><\/h5>\t\t\t\t<\/div>\n\t\t\t\t<\/div>\n\t\t\t\t<div class=\"elementor-element elementor-element-0dd5187 elementor-widget__width-initial elementor-widget-mobile__width-inherit elementor-widget elementor-widget-litho-heading\" data-id=\"0dd5187\" data-element_type=\"widget\" data-e-type=\"widget\" data-widget_type=\"litho-heading.default\">\n\t\t\t\t<div class=\"elementor-widget-container\">\n\t\t\t\t\t<h6 class=\"litho-heading elementor-size-default\"><span class=\"litho-primary-title\">In Cannobio und Umgebung k\u00f6nnen Sie verschiedene Sportarten aus\u00fcben, unser Gebiet bietet verschiedene Arten von Ausfl\u00fcgen, von Trekking bis Schwimmen.\n\nW\u00e4hlen Sie die Sportart und entdecken Sie die verf\u00fcgbaren Strecken.<\/span><\/h6>\t\t\t\t<\/div>\n\t\t\t\t<\/div>\n\t\t\t\t\t<\/div>\n\t\t<\/div>\n\t\t\t\t\t<\/div>\n\t\t<\/section>\n\t\t\t\t<section class=\"elementor-section elementor-top-section elementor-element elementor-element-416752e elementor-section-boxed elementor-section-height-default elementor-section-height-default\" data-id=\"416752e\" data-element_type=\"section\" data-e-type=\"section\">\n\t\t\t\t\t\t<div class=\"elementor-container elementor-column-gap-wide\">\n\t\t\t\t\t<div class=\" elementor-column elementor-col-50 elementor-top-column elementor-element elementor-element-dcbc724\" data-fullscreen-column-settings=\"{&quot;fullscreen&quot;:&quot;&quot;}\" data-id=\"dcbc724\" data-element_type=\"column\" data-e-type=\"column\">\n\t\t\t<div class=\"elementor-widget-wrap elementor-element-populated\">\n\t\t\t\t\t\t<div class=\"elementor-element elementor-element-fc7c776 elementor-widget elementor-widget-image\" data-id=\"fc7c776\" data-element_type=\"widget\" data-e-type=\"widget\" data-widget_type=\"image.default\">\n\t\t\t\t<div class=\"elementor-widget-container\">\n\t\t\t\t\t\t\t\t\t\t\t\t\t\t\t<img decoding=\"async\" src=\"https:\/\/www.bnblagomaggiore.com\/wp-content\/uploads\/elementor\/thumbs\/bnb-lago-maggiore-sports-2-pz5i0p4msc51fkmxy5pnfosv1e66wlu4788i1tbg3k.jpg\" title=\"bnb lago maggiore -sports (2)\" alt=\"bnb lago maggiore -sports (2)\" loading=\"lazy\" \/>\t\t\t\t\t\t\t\t\t\t\t\t\t\t\t<\/div>\n\t\t\t\t<\/div>\n\t\t\t\t<div class=\"elementor-element elementor-element-9ad48be elementor-widget elementor-widget-spacer\" data-id=\"9ad48be\" data-element_type=\"widget\" data-e-type=\"widget\" data-widget_type=\"spacer.default\">\n\t\t\t\t<div class=\"elementor-widget-container\">\n\t\t\t\t\t\t\t<div class=\"elementor-spacer\">\n\t\t\t<div class=\"elementor-spacer-inner\"><\/div>\n\t\t<\/div>\n\t\t\t\t\t\t<\/div>\n\t\t\t\t<\/div>\n\t\t\t\t<div class=\"elementor-element elementor-element-a2418ae elementor-widget-tablet__width-initial elementor-widget-mobile__width-inherit elementor-widget elementor-widget-litho-heading\" data-id=\"a2418ae\" data-element_type=\"widget\" data-e-type=\"widget\" data-widget_type=\"litho-heading.default\">\n\t\t\t\t<div class=\"elementor-widget-container\">\n\t\t\t\t\t<h5 class=\"litho-heading elementor-size-default\"><span class=\"litho-primary-title\">Trekking<\/span><\/h5>\t\t\t\t<\/div>\n\t\t\t\t<\/div>\n\t\t\t\t<div class=\"elementor-element elementor-element-a9257ec elementor-widget-tablet__width-initial elementor-widget-mobile__width-inherit elementor-widget elementor-widget-litho-heading\" data-id=\"a9257ec\" data-element_type=\"widget\" data-e-type=\"widget\" data-widget_type=\"litho-heading.default\">\n\t\t\t\t<div class=\"elementor-widget-container\">\n\t\t\t\t\t<h6 class=\"litho-heading elementor-size-default\"><span class=\"litho-primary-title\">In Cannobio und in den benachbarten D\u00f6rfern gibt es verschiedene Routen, die durch Trekking, verschiedene Routen nach Cannobio und nach Trarego und Oggebbio folgen.<\/span><\/h6>\t\t\t\t<\/div>\n\t\t\t\t<\/div>\n\t\t\t\t\t<\/div>\n\t\t<\/div>\n\t\t\t\t<div class=\" elementor-column elementor-col-50 elementor-top-column elementor-element elementor-element-88f9a6a\" data-fullscreen-column-settings=\"{&quot;fullscreen&quot;:&quot;&quot;}\" data-id=\"88f9a6a\" data-element_type=\"column\" data-e-type=\"column\">\n\t\t\t<div class=\"elementor-widget-wrap elementor-element-populated\">\n\t\t\t\t\t\t<div class=\"elementor-element elementor-element-ccbd836 elementor-widget elementor-widget-image\" data-id=\"ccbd836\" data-element_type=\"widget\" data-e-type=\"widget\" data-widget_type=\"image.default\">\n\t\t\t\t<div class=\"elementor-widget-container\">\n\t\t\t\t\t\t\t\t\t\t\t\t\t\t\t<img decoding=\"async\" src=\"https:\/\/www.bnblagomaggiore.com\/wp-content\/uploads\/elementor\/thumbs\/bnb-lago-maggiore-sports-mountainbike-pz5i0mb47u16gqr1emhrq7ih98k39iix6ua1lzfmm8.jpg\" title=\"bnb lago maggiore -sports-mountainbike\" alt=\"bnb lago maggiore -sports-mountainbike\" loading=\"lazy\" \/>\t\t\t\t\t\t\t\t\t\t\t\t\t\t\t<\/div>\n\t\t\t\t<\/div>\n\t\t\t\t<div class=\"elementor-element elementor-element-b0be613 elementor-widget elementor-widget-spacer\" data-id=\"b0be613\" data-element_type=\"widget\" data-e-type=\"widget\" data-widget_type=\"spacer.default\">\n\t\t\t\t<div class=\"elementor-widget-container\">\n\t\t\t\t\t\t\t<div class=\"elementor-spacer\">\n\t\t\t<div class=\"elementor-spacer-inner\"><\/div>\n\t\t<\/div>\n\t\t\t\t\t\t<\/div>\n\t\t\t\t<\/div>\n\t\t\t\t<div class=\"elementor-element elementor-element-82a0346 elementor-widget-tablet__width-initial elementor-widget-mobile__width-inherit elementor-widget elementor-widget-litho-heading\" data-id=\"82a0346\" data-element_type=\"widget\" data-e-type=\"widget\" data-widget_type=\"litho-heading.default\">\n\t\t\t\t<div class=\"elementor-widget-container\">\n\t\t\t\t\t<h5 class=\"litho-heading elementor-size-default\"><span class=\"litho-primary-title\">MOUNTAIN BIKE<\/span><\/h5>\t\t\t\t<\/div>\n\t\t\t\t<\/div>\n\t\t\t\t<div class=\"elementor-element elementor-element-a28c9ab elementor-widget-tablet__width-initial elementor-widget-mobile__width-inherit elementor-widget elementor-widget-litho-heading\" data-id=\"a28c9ab\" data-element_type=\"widget\" data-e-type=\"widget\" data-widget_type=\"litho-heading.default\">\n\t\t\t\t<div class=\"elementor-widget-container\">\n\t\t\t\t\t<h6 class=\"litho-heading elementor-size-default\"><span class=\"litho-primary-title\">In Cannobio und in den Nachbard\u00f6rfern gibt es verschiedene Routen, die man mit Mountainbike fahren kann, verschiedene Strecken sowohl in Cannobio als auch in Trarego und Oggebbio.<\/span><\/h6>\t\t\t\t<\/div>\n\t\t\t\t<\/div>\n\t\t\t\t\t<\/div>\n\t\t<\/div>\n\t\t\t\t\t<\/div>\n\t\t<\/section>\n\t\t\t\t<section class=\"elementor-section elementor-top-section elementor-element elementor-element-ba5ac2f elementor-section-full_width elementor-section-height-default elementor-section-height-default\" data-id=\"ba5ac2f\" data-element_type=\"section\" data-e-type=\"section\">\n\t\t\t\t\t\t<div class=\"elementor-container elementor-column-gap-wide\">\n\t\t\t\t\t<div class=\" elementor-column elementor-col-100 elementor-top-column elementor-element elementor-element-6d607e4\" data-fullscreen-column-settings=\"{&quot;fullscreen&quot;:&quot;&quot;}\" data-id=\"6d607e4\" data-element_type=\"column\" data-e-type=\"column\">\n\t\t\t<div class=\"elementor-widget-wrap elementor-element-populated\">\n\t\t\t\t\t\t<div class=\"elementor-element elementor-element-b3c2364 elementor-widget elementor-widget-litho-heading\" data-id=\"b3c2364\" data-element_type=\"widget\" data-e-type=\"widget\" data-widget_type=\"litho-heading.default\">\n\t\t\t\t<div class=\"elementor-widget-container\">\n\t\t\t\t\t<h6 class=\"litho-heading elementor-size-default\"><span class=\"litho-primary-title\">Entdecken Sie die Routen, um Ihren Ausflug am Lago Maggiore einzigartig zu machen<\/span><\/h6>\t\t\t\t<\/div>\n\t\t\t\t<\/div>\n\t\t\t\t<div class=\"elementor-element elementor-element-92810e5 elementor-widget elementor-widget-spacer\" data-id=\"92810e5\" data-element_type=\"widget\" data-e-type=\"widget\" data-widget_type=\"spacer.default\">\n\t\t\t\t<div class=\"elementor-widget-container\">\n\t\t\t\t\t\t\t<div class=\"elementor-spacer\">\n\t\t\t<div class=\"elementor-spacer-inner\"><\/div>\n\t\t<\/div>\n\t\t\t\t\t\t<\/div>\n\t\t\t\t<\/div>\n\t\t\t\t<div class=\"elementor-element elementor-element-43797be elementor-arrows-position-inside elementor-widget elementor-widget-image-carousel\" data-id=\"43797be\" data-element_type=\"widget\" data-e-type=\"widget\" data-settings=\"{&quot;slides_to_show&quot;:&quot;3&quot;,&quot;slides_to_scroll&quot;:&quot;1&quot;,&quot;navigation&quot;:&quot;arrows&quot;,&quot;autoplay&quot;:&quot;no&quot;,&quot;infinite&quot;:&quot;no&quot;,&quot;image_spacing_custom&quot;:{&quot;unit&quot;:&quot;px&quot;,&quot;size&quot;:10,&quot;sizes&quot;:[]},&quot;slides_to_show_tablet&quot;:&quot;2&quot;,&quot;speed&quot;:500,&quot;image_spacing_custom_tablet&quot;:{&quot;unit&quot;:&quot;px&quot;,&quot;size&quot;:&quot;&quot;,&quot;sizes&quot;:[]},&quot;image_spacing_custom_mobile&quot;:{&quot;unit&quot;:&quot;px&quot;,&quot;size&quot;:&quot;&quot;,&quot;sizes&quot;:[]}}\" data-widget_type=\"image-carousel.default\">\n\t\t\t\t<div class=\"elementor-widget-container\">\n\t\t\t\t\t\t\t<div class=\"elementor-image-carousel-wrapper swiper\" role=\"region\" aria-roledescription=\"carousel\" aria-label=\"Bild Karussell\" dir=\"ltr\">\n\t\t\t<div class=\"elementor-image-carousel swiper-wrapper\" aria-live=\"polite\">\n\t\t\t\t\t\t\t\t<div class=\"swiper-slide\" role=\"group\" aria-roledescription=\"slide\" aria-label=\"1 von 3\"><a data-elementor-open-lightbox=\"yes\" data-elementor-lightbox-slideshow=\"43797be\" data-elementor-lightbox-title=\"plex-1-panoramica\" data-e-action-hash=\"#elementor-action%3Aaction%3Dlightbox%26settings%3DeyJpZCI6NzYxMjAsInVybCI6Imh0dHBzOlwvXC93d3cuYm5ibGFnb21hZ2dpb3JlLmNvbVwvd3AtY29udGVudFwvdXBsb2Fkc1wvMjAyMlwvMTJcL3BsZXgtMS1wYW5vcmFtaWNhLmpwZyIsInNsaWRlc2hvdyI6IjQzNzk3YmUifQ%3D%3D\" href=\"https:\/\/www.bnblagomaggiore.com\/wp-content\/uploads\/2022\/12\/plex-1-panoramica.jpg\"><figure class=\"swiper-slide-inner\"><img decoding=\"async\" class=\"swiper-slide-image\" src=\"https:\/\/www.bnblagomaggiore.com\/wp-content\/uploads\/elementor\/thumbs\/plex-1-panoramica-pzjoi9tyf2pbq3fk4li5e8q5oj537fjv8jybgyxfns.jpg\" alt=\"plex-1-panoramica\" \/><\/figure><\/a><\/div><div class=\"swiper-slide\" role=\"group\" aria-roledescription=\"slide\" aria-label=\"2 von 3\"><a data-elementor-open-lightbox=\"yes\" data-elementor-lightbox-slideshow=\"43797be\" data-elementor-lightbox-title=\"plex-3-nordic-oggebio\" data-e-action-hash=\"#elementor-action%3Aaction%3Dlightbox%26settings%3DeyJpZCI6NzYxMTgsInVybCI6Imh0dHBzOlwvXC93d3cuYm5ibGFnb21hZ2dpb3JlLmNvbVwvd3AtY29udGVudFwvdXBsb2Fkc1wvMjAyMlwvMTJcL3BsZXgtMy1ub3JkaWMtb2dnZWJpby5qcGciLCJzbGlkZXNob3ciOiI0Mzc5N2JlIn0%3D\" href=\"https:\/\/www.bnblagomaggiore.com\/wp-content\/uploads\/2022\/12\/plex-3-nordic-oggebio.jpg\"><figure class=\"swiper-slide-inner\"><img decoding=\"async\" class=\"swiper-slide-image\" src=\"https:\/\/www.bnblagomaggiore.com\/wp-content\/uploads\/elementor\/thumbs\/plex-3-nordic-oggebio-pzjoi70fuklgr9jnl2a9orfrwdizkc8o85zv151m6g.jpg\" alt=\"plex-3-nordic-oggebio\" \/><\/figure><\/a><\/div><div class=\"swiper-slide\" role=\"group\" aria-roledescription=\"slide\" aria-label=\"3 von 3\"><a data-elementor-open-lightbox=\"yes\" data-elementor-lightbox-slideshow=\"43797be\" data-elementor-lightbox-title=\"plex-2-nordic-trarego\" data-e-action-hash=\"#elementor-action%3Aaction%3Dlightbox%26settings%3DeyJpZCI6NzYxMTYsInVybCI6Imh0dHBzOlwvXC93d3cuYm5ibGFnb21hZ2dpb3JlLmNvbVwvd3AtY29udGVudFwvdXBsb2Fkc1wvMjAyMlwvMTJcL3BsZXgtMi1ub3JkaWMtdHJhcmVnby5qcGciLCJzbGlkZXNob3ciOiI0Mzc5N2JlIn0%3D\" href=\"https:\/\/www.bnblagomaggiore.com\/wp-content\/uploads\/2022\/12\/plex-2-nordic-trarego.jpg\"><figure class=\"swiper-slide-inner\"><img decoding=\"async\" class=\"swiper-slide-image\" src=\"https:\/\/www.bnblagomaggiore.com\/wp-content\/uploads\/elementor\/thumbs\/plex-2-nordic-trarego-pzjoi46xa2hlsfnr1j2dza5e47wvx8xh7s1elb5sp4.jpg\" alt=\"plex-2-nordic-trarego\" \/><\/figure><\/a><\/div>\t\t\t<\/div>\n\t\t\t\t\t\t\t\t\t\t\t\t<div class=\"elementor-swiper-button elementor-swiper-button-prev\" role=\"button\" tabindex=\"0\">\n\t\t\t\t\t\t<i aria-hidden=\"true\" class=\"eicon-chevron-left\"><\/i>\t\t\t\t\t<\/div>\n\t\t\t\t\t<div class=\"elementor-swiper-button elementor-swiper-button-next\" role=\"button\" tabindex=\"0\">\n\t\t\t\t\t\t<i aria-hidden=\"true\" class=\"eicon-chevron-right\"><\/i>\t\t\t\t\t<\/div>\n\t\t\t\t\n\t\t\t\t\t\t\t\t\t<\/div>\n\t\t\t\t\t\t<\/div>\n\t\t\t\t<\/div>\n\t\t\t\t\t<\/div>\n\t\t<\/div>\n\t\t\t\t\t<\/div>\n\t\t<\/section>\n\t\t\t\t<\/div>\n\t\t","protected":false},"excerpt":{"rendered":"<p>Welche Sportarten kannst du machen? In Cannobio und Umgebung k\u00f6nnen Sie verschiedene Sportarten aus\u00fcben, unser Gebiet bietet verschiedene Arten von Ausfl\u00fcgen, von Trekking bis Schwimmen. W\u00e4hlen Sie die Sportart und entdecken Sie die verf\u00fcgbaren Strecken. Trekking In Cannobio und in den benachbarten D\u00f6rfern gibt es verschiedene Routen, die durch Trekking, verschiedene Routen nach Cannobio und [&hellip;]<\/p>\n","protected":false},"author":3,"featured_media":0,"parent":0,"menu_order":85,"comment_status":"closed","ping_status":"closed","template":"","meta":{"footnotes":""},"class_list":["post-76510","page","type-page","status-publish","hentry"],"yoast_head":"<!-- This site is optimized with the Yoast SEO plugin v27.3 - https:\/\/yoast.com\/product\/yoast-seo-wordpress\/ -->\n<title>Ausfl\u00fcge, Trekking, Sport am Lago Maggiore<\/title>\n<meta name=\"description\" content=\"In Cannobio und Umgebung k\u00f6nnen Sie verschiedene Sportarten aus\u00fcben, unser Gebiet bietet verschiedene Arten von Ausfl\u00fcgen: genie\u00dfen Sie die Sch\u00f6nheit des Lago Maggiore\" \/>\n<meta name=\"robots\" content=\"index, follow, max-snippet:-1, max-image-preview:large, max-video-preview:-1\" \/>\n<link rel=\"canonical\" href=\"https:\/\/www.bnblagomaggiore.com\/de\/sport\/\" \/>\n<meta property=\"og:locale\" content=\"de_DE\" \/>\n<meta property=\"og:type\" content=\"article\" \/>\n<meta property=\"og:title\" content=\"Ausfl\u00fcge, Trekking, Sport am Lago Maggiore\" \/>\n<meta property=\"og:description\" content=\"In Cannobio und Umgebung k\u00f6nnen Sie verschiedene Sportarten aus\u00fcben, unser Gebiet bietet verschiedene Arten von Ausfl\u00fcgen: genie\u00dfen Sie die Sch\u00f6nheit des Lago Maggiore\" \/>\n<meta property=\"og:url\" content=\"https:\/\/www.bnblagomaggiore.com\/de\/sport\/\" \/>\n<meta property=\"og:site_name\" content=\"B&amp;B Lago Maggiore\" \/>\n<meta property=\"article:modified_time\" content=\"2023-01-05T14:59:32+00:00\" \/>\n<meta property=\"og:image\" content=\"https:\/\/www.bnblagomaggiore.com\/wp-content\/uploads\/elementor\/thumbs\/bnb-lago-maggiore-sports-2-pz5i0p4msc51fkmxy5pnfosv1e66wlu4788i1tbg3k.jpg\" \/>\n<script type=\"application\/ld+json\" class=\"yoast-schema-graph\">{\"@context\":\"https:\\\/\\\/schema.org\",\"@graph\":[{\"@type\":\"WebPage\",\"@id\":\"https:\\\/\\\/www.bnblagomaggiore.com\\\/de\\\/sport\\\/\",\"url\":\"https:\\\/\\\/www.bnblagomaggiore.com\\\/de\\\/sport\\\/\",\"name\":\"Ausfl\u00fcge, Trekking, Sport am Lago Maggiore\",\"isPartOf\":{\"@id\":\"https:\\\/\\\/www.bnblagomaggiore.com\\\/de\\\/#website\"},\"primaryImageOfPage\":{\"@id\":\"https:\\\/\\\/www.bnblagomaggiore.com\\\/de\\\/sport\\\/#primaryimage\"},\"image\":{\"@id\":\"https:\\\/\\\/www.bnblagomaggiore.com\\\/de\\\/sport\\\/#primaryimage\"},\"thumbnailUrl\":\"https:\\\/\\\/www.bnblagomaggiore.com\\\/wp-content\\\/uploads\\\/elementor\\\/thumbs\\\/bnb-lago-maggiore-sports-2-pz5i0p4msc51fkmxy5pnfosv1e66wlu4788i1tbg3k.jpg\",\"datePublished\":\"2022-12-19T16:26:11+00:00\",\"dateModified\":\"2023-01-05T14:59:32+00:00\",\"description\":\"In Cannobio und Umgebung k\u00f6nnen Sie verschiedene Sportarten aus\u00fcben, unser Gebiet bietet verschiedene Arten von Ausfl\u00fcgen: genie\u00dfen Sie die Sch\u00f6nheit des Lago Maggiore\",\"breadcrumb\":{\"@id\":\"https:\\\/\\\/www.bnblagomaggiore.com\\\/de\\\/sport\\\/#breadcrumb\"},\"inLanguage\":\"de\",\"potentialAction\":[{\"@type\":\"ReadAction\",\"target\":[\"https:\\\/\\\/www.bnblagomaggiore.com\\\/de\\\/sport\\\/\"]}]},{\"@type\":\"ImageObject\",\"inLanguage\":\"de\",\"@id\":\"https:\\\/\\\/www.bnblagomaggiore.com\\\/de\\\/sport\\\/#primaryimage\",\"url\":\"https:\\\/\\\/www.bnblagomaggiore.com\\\/wp-content\\\/uploads\\\/elementor\\\/thumbs\\\/bnb-lago-maggiore-sports-2-pz5i0p4msc51fkmxy5pnfosv1e66wlu4788i1tbg3k.jpg\",\"contentUrl\":\"https:\\\/\\\/www.bnblagomaggiore.com\\\/wp-content\\\/uploads\\\/elementor\\\/thumbs\\\/bnb-lago-maggiore-sports-2-pz5i0p4msc51fkmxy5pnfosv1e66wlu4788i1tbg3k.jpg\"},{\"@type\":\"BreadcrumbList\",\"@id\":\"https:\\\/\\\/www.bnblagomaggiore.com\\\/de\\\/sport\\\/#breadcrumb\",\"itemListElement\":[{\"@type\":\"ListItem\",\"position\":1,\"name\":\"Home\",\"item\":\"https:\\\/\\\/www.bnblagomaggiore.com\\\/de\\\/\"},{\"@type\":\"ListItem\",\"position\":2,\"name\":\"Sport\"}]},{\"@type\":\"WebSite\",\"@id\":\"https:\\\/\\\/www.bnblagomaggiore.com\\\/de\\\/#website\",\"url\":\"https:\\\/\\\/www.bnblagomaggiore.com\\\/de\\\/\",\"name\":\"B&B Lago Maggiore - Cannobio\",\"description\":\"B&amp;B Lago Maggiore\",\"publisher\":{\"@id\":\"https:\\\/\\\/www.bnblagomaggiore.com\\\/de\\\/#organization\"},\"potentialAction\":[{\"@type\":\"SearchAction\",\"target\":{\"@type\":\"EntryPoint\",\"urlTemplate\":\"https:\\\/\\\/www.bnblagomaggiore.com\\\/de\\\/?s={search_term_string}\"},\"query-input\":{\"@type\":\"PropertyValueSpecification\",\"valueRequired\":true,\"valueName\":\"search_term_string\"}}],\"inLanguage\":\"de\"},{\"@type\":\"Organization\",\"@id\":\"https:\\\/\\\/www.bnblagomaggiore.com\\\/de\\\/#organization\",\"name\":\"B&B Lago Maggiore - Cannobio\",\"url\":\"https:\\\/\\\/www.bnblagomaggiore.com\\\/de\\\/\",\"logo\":{\"@type\":\"ImageObject\",\"inLanguage\":\"de\",\"@id\":\"https:\\\/\\\/www.bnblagomaggiore.com\\\/de\\\/#\\\/schema\\\/logo\\\/image\\\/\",\"url\":\"https:\\\/\\\/www.bnblagomaggiore.com\\\/wp-content\\\/uploads\\\/2020\\\/08\\\/logo-bnb-lago-maggiore.png\",\"contentUrl\":\"https:\\\/\\\/www.bnblagomaggiore.com\\\/wp-content\\\/uploads\\\/2020\\\/08\\\/logo-bnb-lago-maggiore.png\",\"width\":300,\"height\":300,\"caption\":\"B&B Lago Maggiore - Cannobio\"},\"image\":{\"@id\":\"https:\\\/\\\/www.bnblagomaggiore.com\\\/de\\\/#\\\/schema\\\/logo\\\/image\\\/\"}}]}<\/script>\n<!-- \/ Yoast SEO plugin. -->","yoast_head_json":{"title":"Ausfl\u00fcge, Trekking, Sport am Lago Maggiore","description":"In Cannobio und Umgebung k\u00f6nnen Sie verschiedene Sportarten aus\u00fcben, unser Gebiet bietet verschiedene Arten von Ausfl\u00fcgen: genie\u00dfen Sie die Sch\u00f6nheit des Lago Maggiore","robots":{"index":"index","follow":"follow","max-snippet":"max-snippet:-1","max-image-preview":"max-image-preview:large","max-video-preview":"max-video-preview:-1"},"canonical":"https:\/\/www.bnblagomaggiore.com\/de\/sport\/","og_locale":"de_DE","og_type":"article","og_title":"Ausfl\u00fcge, Trekking, Sport am Lago Maggiore","og_description":"In Cannobio und Umgebung k\u00f6nnen Sie verschiedene Sportarten aus\u00fcben, unser Gebiet bietet verschiedene Arten von Ausfl\u00fcgen: genie\u00dfen Sie die Sch\u00f6nheit des Lago Maggiore","og_url":"https:\/\/www.bnblagomaggiore.com\/de\/sport\/","og_site_name":"B&amp;B Lago Maggiore","article_modified_time":"2023-01-05T14:59:32+00:00","og_image":[{"url":"https:\/\/www.bnblagomaggiore.com\/wp-content\/uploads\/elementor\/thumbs\/bnb-lago-maggiore-sports-2-pz5i0p4msc51fkmxy5pnfosv1e66wlu4788i1tbg3k.jpg","type":"","width":"","height":""}],"schema":{"@context":"https:\/\/schema.org","@graph":[{"@type":"WebPage","@id":"https:\/\/www.bnblagomaggiore.com\/de\/sport\/","url":"https:\/\/www.bnblagomaggiore.com\/de\/sport\/","name":"Ausfl\u00fcge, Trekking, Sport am Lago Maggiore","isPartOf":{"@id":"https:\/\/www.bnblagomaggiore.com\/de\/#website"},"primaryImageOfPage":{"@id":"https:\/\/www.bnblagomaggiore.com\/de\/sport\/#primaryimage"},"image":{"@id":"https:\/\/www.bnblagomaggiore.com\/de\/sport\/#primaryimage"},"thumbnailUrl":"https:\/\/www.bnblagomaggiore.com\/wp-content\/uploads\/elementor\/thumbs\/bnb-lago-maggiore-sports-2-pz5i0p4msc51fkmxy5pnfosv1e66wlu4788i1tbg3k.jpg","datePublished":"2022-12-19T16:26:11+00:00","dateModified":"2023-01-05T14:59:32+00:00","description":"In Cannobio und Umgebung k\u00f6nnen Sie verschiedene Sportarten aus\u00fcben, unser Gebiet bietet verschiedene Arten von Ausfl\u00fcgen: genie\u00dfen Sie die Sch\u00f6nheit des Lago Maggiore","breadcrumb":{"@id":"https:\/\/www.bnblagomaggiore.com\/de\/sport\/#breadcrumb"},"inLanguage":"de","potentialAction":[{"@type":"ReadAction","target":["https:\/\/www.bnblagomaggiore.com\/de\/sport\/"]}]},{"@type":"ImageObject","inLanguage":"de","@id":"https:\/\/www.bnblagomaggiore.com\/de\/sport\/#primaryimage","url":"https:\/\/www.bnblagomaggiore.com\/wp-content\/uploads\/elementor\/thumbs\/bnb-lago-maggiore-sports-2-pz5i0p4msc51fkmxy5pnfosv1e66wlu4788i1tbg3k.jpg","contentUrl":"https:\/\/www.bnblagomaggiore.com\/wp-content\/uploads\/elementor\/thumbs\/bnb-lago-maggiore-sports-2-pz5i0p4msc51fkmxy5pnfosv1e66wlu4788i1tbg3k.jpg"},{"@type":"BreadcrumbList","@id":"https:\/\/www.bnblagomaggiore.com\/de\/sport\/#breadcrumb","itemListElement":[{"@type":"ListItem","position":1,"name":"Home","item":"https:\/\/www.bnblagomaggiore.com\/de\/"},{"@type":"ListItem","position":2,"name":"Sport"}]},{"@type":"WebSite","@id":"https:\/\/www.bnblagomaggiore.com\/de\/#website","url":"https:\/\/www.bnblagomaggiore.com\/de\/","name":"B&B Lago Maggiore - Cannobio","description":"B&amp;B Lago Maggiore","publisher":{"@id":"https:\/\/www.bnblagomaggiore.com\/de\/#organization"},"potentialAction":[{"@type":"SearchAction","target":{"@type":"EntryPoint","urlTemplate":"https:\/\/www.bnblagomaggiore.com\/de\/?s={search_term_string}"},"query-input":{"@type":"PropertyValueSpecification","valueRequired":true,"valueName":"search_term_string"}}],"inLanguage":"de"},{"@type":"Organization","@id":"https:\/\/www.bnblagomaggiore.com\/de\/#organization","name":"B&B Lago Maggiore - Cannobio","url":"https:\/\/www.bnblagomaggiore.com\/de\/","logo":{"@type":"ImageObject","inLanguage":"de","@id":"https:\/\/www.bnblagomaggiore.com\/de\/#\/schema\/logo\/image\/","url":"https:\/\/www.bnblagomaggiore.com\/wp-content\/uploads\/2020\/08\/logo-bnb-lago-maggiore.png","contentUrl":"https:\/\/www.bnblagomaggiore.com\/wp-content\/uploads\/2020\/08\/logo-bnb-lago-maggiore.png","width":300,"height":300,"caption":"B&B Lago Maggiore - Cannobio"},"image":{"@id":"https:\/\/www.bnblagomaggiore.com\/de\/#\/schema\/logo\/image\/"}}]}},"_links":{"self":[{"href":"https:\/\/www.bnblagomaggiore.com\/de\/wp-json\/wp\/v2\/pages\/76510","targetHints":{"allow":["GET"]}}],"collection":[{"href":"https:\/\/www.bnblagomaggiore.com\/de\/wp-json\/wp\/v2\/pages"}],"about":[{"href":"https:\/\/www.bnblagomaggiore.com\/de\/wp-json\/wp\/v2\/types\/page"}],"author":[{"embeddable":true,"href":"https:\/\/www.bnblagomaggiore.com\/de\/wp-json\/wp\/v2\/users\/3"}],"replies":[{"embeddable":true,"href":"https:\/\/www.bnblagomaggiore.com\/de\/wp-json\/wp\/v2\/comments?post=76510"}],"version-history":[{"count":0,"href":"https:\/\/www.bnblagomaggiore.com\/de\/wp-json\/wp\/v2\/pages\/76510\/revisions"}],"wp:attachment":[{"href":"https:\/\/www.bnblagomaggiore.com\/de\/wp-json\/wp\/v2\/media?parent=76510"}],"curies":[{"name":"wp","href":"https:\/\/api.w.org\/{rel}","templated":true}]}}