{"id":76529,"date":"2020-02-06T09:07:30","date_gmt":"2020-02-06T08:07:30","guid":{"rendered":"https:\/\/www.bnblagomaggiore.com\/chi-siamo\/"},"modified":"2023-01-30T13:02:24","modified_gmt":"2023-01-30T12:02:24","slug":"uber-uns","status":"publish","type":"page","link":"https:\/\/www.bnblagomaggiore.com\/de\/uber-uns\/","title":{"rendered":"Uber uns"},"content":{"rendered":"\t\t<div data-elementor-type=\"wp-page\" data-elementor-id=\"76529\" class=\"elementor elementor-76529 elementor-89\">\n\t\t\t\t\t\t<section data-parallax-section-settings=\"{&quot;parallax_ratio&quot;:0.5,&quot;parallax&quot;:&quot;parallax&quot;}\" class=\"elementor-section elementor-top-section elementor-element elementor-element-e77b005 top-space elementor-section-boxed elementor-section-height-default elementor-section-height-default elementor-invisible\" data-id=\"e77b005\" data-element_type=\"section\" data-e-type=\"section\" data-settings=\"{&quot;background_background&quot;:&quot;classic&quot;,&quot;animation&quot;:&quot;fadeIn&quot;}\">\n\t\t\t\t\t\t<div class=\"elementor-container elementor-column-gap-default\">\n\t\t\t\t\t<div class=\" elementor-column elementor-col-16 elementor-top-column elementor-element elementor-element-196fd55 elementor-hidden-tablet elementor-hidden-phone\" data-fullscreen-column-settings=\"{&quot;fullscreen&quot;:&quot;&quot;}\" data-id=\"196fd55\" data-element_type=\"column\" data-e-type=\"column\">\n\t\t\t<div class=\"elementor-widget-wrap\">\n\t\t\t\t\t\t\t<\/div>\n\t\t<\/div>\n\t\t\t\t<div class=\" elementor-column elementor-col-66 elementor-top-column elementor-element elementor-element-27d5370\" data-fullscreen-column-settings=\"{&quot;fullscreen&quot;:&quot;&quot;}\" data-id=\"27d5370\" data-element_type=\"column\" data-e-type=\"column\">\n\t\t\t<div class=\"elementor-widget-wrap elementor-element-populated\">\n\t\t\t\t\t\t<div class=\"elementor-element elementor-element-12a4b10 elementor-widget elementor-widget-litho-separator\" data-id=\"12a4b10\" data-element_type=\"widget\" data-e-type=\"widget\" data-widget_type=\"litho-separator.default\">\n\t\t\t\t<div class=\"elementor-widget-container\">\n\t\t\t\t\t\t\t\t\t\t\t\t<div class=\"separator-wrap\"><div class=\"separator-line\"><\/div><\/div>\n\t\t\t\t\t\t\t\t\t\t<\/div>\n\t\t\t\t<\/div>\n\t\t\t\t<div class=\"elementor-element elementor-element-083d85e elementor-widget elementor-widget-litho-heading\" data-id=\"083d85e\" data-element_type=\"widget\" data-e-type=\"widget\" data-widget_type=\"litho-heading.default\">\n\t\t\t\t<div class=\"elementor-widget-container\">\n\t\t\t\t\t<h3 class=\"litho-heading elementor-size-default\"><span class=\"litho-primary-title\">Das B & B Lago Maggiore liegt eingebettet in eine bezaubernde Natur, abseits vom Stress inmitten unseres friedlichen Gartens. <\/span><span class=\"litho-secondary-title\">Hier m\u00f6chten wir Sie zu einem fabelhaften Aufenthalt begr\u00fc\u00dfen<\/span><\/h3>\t\t\t\t<\/div>\n\t\t\t\t<\/div>\n\t\t\t\t\t<\/div>\n\t\t<\/div>\n\t\t\t\t<div class=\" elementor-column elementor-col-16 elementor-top-column elementor-element elementor-element-24d8c22 elementor-hidden-tablet elementor-hidden-phone\" data-fullscreen-column-settings=\"{&quot;fullscreen&quot;:&quot;&quot;}\" data-id=\"24d8c22\" data-element_type=\"column\" data-e-type=\"column\">\n\t\t\t<div class=\"elementor-widget-wrap\">\n\t\t\t\t\t\t\t<\/div>\n\t\t<\/div>\n\t\t\t\t\t<\/div>\n\t\t<\/section>\n\t\t\t\t<section class=\"elementor-section elementor-top-section elementor-element elementor-element-bce75c5 elementor-section-boxed elementor-section-height-default elementor-section-height-default\" data-id=\"bce75c5\" data-element_type=\"section\" data-e-type=\"section\" data-settings=\"{&quot;background_background&quot;:&quot;classic&quot;}\">\n\t\t\t\t\t\t<div class=\"elementor-container elementor-column-gap-default\">\n\t\t\t\t\t<div class=\" elementor-column elementor-col-100 elementor-top-column elementor-element elementor-element-8f6b4d9\" data-fullscreen-column-settings=\"{&quot;fullscreen&quot;:&quot;&quot;}\" data-id=\"8f6b4d9\" data-element_type=\"column\" data-e-type=\"column\">\n\t\t\t<div class=\"elementor-widget-wrap elementor-element-populated\">\n\t\t\t\t\t\t<div class=\"elementor-element elementor-element-47d9738 elementor-widget elementor-widget-image\" data-id=\"47d9738\" data-element_type=\"widget\" data-e-type=\"widget\" data-widget_type=\"image.default\">\n\t\t\t\t<div class=\"elementor-widget-container\">\n\t\t\t\t\t\t\t\t\t\t\t\t\t\t\t<img fetchpriority=\"high\" decoding=\"async\" width=\"1440\" height=\"623\" src=\"https:\/\/www.bnblagomaggiore.com\/wp-content\/uploads\/2022\/12\/bnb-lago-maggiore-4.jpg\" class=\"attachment-full size-full wp-image-76078\" alt=\"bnb lago maggiore (4)\" srcset=\"https:\/\/www.bnblagomaggiore.com\/wp-content\/uploads\/2022\/12\/bnb-lago-maggiore-4.jpg 1440w, https:\/\/www.bnblagomaggiore.com\/wp-content\/uploads\/2022\/12\/bnb-lago-maggiore-4-300x130.jpg 300w, https:\/\/www.bnblagomaggiore.com\/wp-content\/uploads\/2022\/12\/bnb-lago-maggiore-4-600x260.jpg 600w, https:\/\/www.bnblagomaggiore.com\/wp-content\/uploads\/2022\/12\/bnb-lago-maggiore-4-1024x443.jpg 1024w, https:\/\/www.bnblagomaggiore.com\/wp-content\/uploads\/2022\/12\/bnb-lago-maggiore-4-768x332.jpg 768w, https:\/\/www.bnblagomaggiore.com\/wp-content\/uploads\/2022\/12\/bnb-lago-maggiore-4-200x87.jpg 200w\" sizes=\"(max-width: 1440px) 100vw, 1440px\" \/>\t\t\t\t\t\t\t\t\t\t\t\t\t\t\t<\/div>\n\t\t\t\t<\/div>\n\t\t\t\t\t<\/div>\n\t\t<\/div>\n\t\t\t\t\t<\/div>\n\t\t<\/section>\n\t\t\t\t<section class=\"elementor-section elementor-top-section elementor-element elementor-element-0cf78c5 elementor-section-boxed elementor-section-height-default elementor-section-height-default\" data-id=\"0cf78c5\" data-element_type=\"section\" data-e-type=\"section\" data-settings=\"{&quot;background_background&quot;:&quot;classic&quot;}\">\n\t\t\t\t\t\t<div class=\"elementor-container elementor-column-gap-default\">\n\t\t\t\t\t<div class=\" elementor-column elementor-col-100 elementor-top-column elementor-element elementor-element-f2e2314\" data-fullscreen-column-settings=\"{&quot;fullscreen&quot;:&quot;&quot;}\" data-id=\"f2e2314\" data-element_type=\"column\" data-e-type=\"column\">\n\t\t\t<div class=\"elementor-widget-wrap elementor-element-populated\">\n\t\t\t\t\t\t<div class=\"elementor-element elementor-element-bce68b9 elementor-widget elementor-widget-text-editor\" data-id=\"bce68b9\" data-element_type=\"widget\" data-e-type=\"widget\" data-widget_type=\"text-editor.default\">\n\t\t\t\t<div class=\"elementor-widget-container\">\n\t\t\t\t\t\t\t\t\t<p>Das B &amp;B Lago Maggiore in Cannobio\/Solivo, befindet sich in einer wundersch\u00f6nen ruhigen Gartenanlage mit herrlichem Blick auf den Lago Maggiore. \u2028Das Zentrum von Cannobio erreichen Sie in f\u00fcnf Minuten zu Fuss. \u2028Bis zur Schweizer Grenze in Brissago sind es ca. 8 km.<br \/>Das B&amp;B wurde vor kurzem neu renoviert.<br \/>Bei diesen Arbeiten wurde sehr auf Energieeffizienz geachtet (Einsparung 60 %).\u2028Geheizt wird mit Holz der Umgebung und das Warmwasser wird mit Solarpaneelen aufbereitet.<br \/>Alle Zimmer haben eine fantastische Sicht auf den See, eigenes Bad, \u2028Satelliten TV, Wi-Fi und Internet Anschluss.<br \/>Kostenfreie Parkpl\u00e4tze stehen zur Verf\u00fcgung<\/p><p>Numerous excursions can be untertaken from here e.g.: Borromean Islands, Orta San Giulio, Villa Taranto, Valle Verzasca, Val Vigezzo or Val Grande as well as different sports activities e.g.: hiking, swimming, canoeing, water skiing, golf.<br \/>Von Cannobio\/Solivo aus gibt es zahlreiche Ausflugsm\u00f6glichkeiten.\u2028Borrom\u00e4ische Inseln, Orta, San Giulio, Villa Taranto, Valle Verzasca, Val Vigezzo, \u2028Val Grande, um nur einige zu nennen.<br \/>Sportm\u00f6glichkeiten wie Wandern, Schwimmen, Canyoning, Wasser Ski, Golf, usw. befindet sich auch alles in n\u00e4chster Umgebung.<\/p><p>Locarno, bekannt f\u00fcr sein Film Festival im August, ist nur 17 Km entfernt,\u2028ebenso Ascona, bekannt f\u00fcr sein Jazz Festival k\u00f6nnen Sie sogar von allen Zimmer aus sehen.<br \/>Mailand ist ca .140 km entfernt.<\/p><p>Wenn Sie sich f\u00fcr eine luxuri\u00f6se Unterkunft in Cannobio umsehen, mit Verf\u00fcgbarkeit bis zu 7 Personen, empfehlen wir Ihnen die Villa Jacqueline.<\/p>\t\t\t\t\t\t\t\t<\/div>\n\t\t\t\t<\/div>\n\t\t\t\t\t<\/div>\n\t\t<\/div>\n\t\t\t\t\t<\/div>\n\t\t<\/section>\n\t\t\t\t<\/div>\n\t\t","protected":false},"excerpt":{"rendered":"<p>Das B &#038; B Lago Maggiore liegt eingebettet in eine bezaubernde Natur, abseits vom Stress inmitten unseres friedlichen Gartens. Hier m\u00f6chten wir Sie zu einem fabelhaften Aufenthalt begr\u00fc\u00dfen Das B &amp;B Lago Maggiore in Cannobio\/Solivo, befindet sich in einer wundersch\u00f6nen ruhigen Gartenanlage mit herrlichem Blick auf den Lago Maggiore. \u2028Das Zentrum von Cannobio erreichen Sie [&hellip;]<\/p>\n","protected":false},"author":1,"featured_media":0,"parent":0,"menu_order":173,"comment_status":"closed","ping_status":"closed","template":"","meta":{"footnotes":""},"class_list":["post-76529","page","type-page","status-publish","hentry"],"yoast_head":"<!-- This site is optimized with the Yoast SEO plugin v27.3 - https:\/\/yoast.com\/product\/yoast-seo-wordpress\/ -->\n<title>B&amp;B mit Seeblick in Cannobio inmitten eines ruhigen Gartens<\/title>\n<meta name=\"description\" content=\"Wir sind ein k\u00fcrzlich renoviertes, familiengef\u00fchrtes B&amp;B in Cannobio, nur wenige Kilometer von der Schweiz entfernt\" \/>\n<meta name=\"robots\" content=\"index, follow, max-snippet:-1, max-image-preview:large, max-video-preview:-1\" \/>\n<link rel=\"canonical\" href=\"https:\/\/www.bnblagomaggiore.com\/de\/uber-uns\/\" \/>\n<meta property=\"og:locale\" content=\"de_DE\" \/>\n<meta property=\"og:type\" content=\"article\" \/>\n<meta property=\"og:title\" content=\"B&amp;B mit Seeblick in Cannobio inmitten eines ruhigen Gartens\" \/>\n<meta property=\"og:description\" content=\"Wir sind ein k\u00fcrzlich renoviertes, familiengef\u00fchrtes B&amp;B in Cannobio, nur wenige Kilometer von der Schweiz entfernt\" \/>\n<meta property=\"og:url\" content=\"https:\/\/www.bnblagomaggiore.com\/de\/uber-uns\/\" \/>\n<meta property=\"og:site_name\" content=\"B&amp;B Lago Maggiore\" \/>\n<meta property=\"article:modified_time\" content=\"2023-01-30T12:02:24+00:00\" \/>\n<meta property=\"og:image\" content=\"https:\/\/www.bnblagomaggiore.com\/wp-content\/uploads\/2022\/12\/bnb-lago-maggiore-4.jpg\" \/>\n<script type=\"application\/ld+json\" class=\"yoast-schema-graph\">{\"@context\":\"https:\\\/\\\/schema.org\",\"@graph\":[{\"@type\":\"WebPage\",\"@id\":\"https:\\\/\\\/www.bnblagomaggiore.com\\\/de\\\/uber-uns\\\/\",\"url\":\"https:\\\/\\\/www.bnblagomaggiore.com\\\/de\\\/uber-uns\\\/\",\"name\":\"B&B mit Seeblick in Cannobio inmitten eines ruhigen Gartens\",\"isPartOf\":{\"@id\":\"https:\\\/\\\/www.bnblagomaggiore.com\\\/de\\\/#website\"},\"primaryImageOfPage\":{\"@id\":\"https:\\\/\\\/www.bnblagomaggiore.com\\\/de\\\/uber-uns\\\/#primaryimage\"},\"image\":{\"@id\":\"https:\\\/\\\/www.bnblagomaggiore.com\\\/de\\\/uber-uns\\\/#primaryimage\"},\"thumbnailUrl\":\"https:\\\/\\\/www.bnblagomaggiore.com\\\/wp-content\\\/uploads\\\/2022\\\/12\\\/bnb-lago-maggiore-4.jpg\",\"datePublished\":\"2020-02-06T08:07:30+00:00\",\"dateModified\":\"2023-01-30T12:02:24+00:00\",\"description\":\"Wir sind ein k\u00fcrzlich renoviertes, familiengef\u00fchrtes B&B in Cannobio, nur wenige Kilometer von der Schweiz entfernt\",\"breadcrumb\":{\"@id\":\"https:\\\/\\\/www.bnblagomaggiore.com\\\/de\\\/uber-uns\\\/#breadcrumb\"},\"inLanguage\":\"de\",\"potentialAction\":[{\"@type\":\"ReadAction\",\"target\":[\"https:\\\/\\\/www.bnblagomaggiore.com\\\/de\\\/uber-uns\\\/\"]}]},{\"@type\":\"ImageObject\",\"inLanguage\":\"de\",\"@id\":\"https:\\\/\\\/www.bnblagomaggiore.com\\\/de\\\/uber-uns\\\/#primaryimage\",\"url\":\"https:\\\/\\\/www.bnblagomaggiore.com\\\/wp-content\\\/uploads\\\/2022\\\/12\\\/bnb-lago-maggiore-4.jpg\",\"contentUrl\":\"https:\\\/\\\/www.bnblagomaggiore.com\\\/wp-content\\\/uploads\\\/2022\\\/12\\\/bnb-lago-maggiore-4.jpg\"},{\"@type\":\"BreadcrumbList\",\"@id\":\"https:\\\/\\\/www.bnblagomaggiore.com\\\/de\\\/uber-uns\\\/#breadcrumb\",\"itemListElement\":[{\"@type\":\"ListItem\",\"position\":1,\"name\":\"Home\",\"item\":\"https:\\\/\\\/www.bnblagomaggiore.com\\\/de\\\/\"},{\"@type\":\"ListItem\",\"position\":2,\"name\":\"Uber uns\"}]},{\"@type\":\"WebSite\",\"@id\":\"https:\\\/\\\/www.bnblagomaggiore.com\\\/de\\\/#website\",\"url\":\"https:\\\/\\\/www.bnblagomaggiore.com\\\/de\\\/\",\"name\":\"B&B Lago Maggiore - Cannobio\",\"description\":\"B&amp;B Lago Maggiore\",\"publisher\":{\"@id\":\"https:\\\/\\\/www.bnblagomaggiore.com\\\/de\\\/#organization\"},\"potentialAction\":[{\"@type\":\"SearchAction\",\"target\":{\"@type\":\"EntryPoint\",\"urlTemplate\":\"https:\\\/\\\/www.bnblagomaggiore.com\\\/de\\\/?s={search_term_string}\"},\"query-input\":{\"@type\":\"PropertyValueSpecification\",\"valueRequired\":true,\"valueName\":\"search_term_string\"}}],\"inLanguage\":\"de\"},{\"@type\":\"Organization\",\"@id\":\"https:\\\/\\\/www.bnblagomaggiore.com\\\/de\\\/#organization\",\"name\":\"B&B Lago Maggiore - Cannobio\",\"url\":\"https:\\\/\\\/www.bnblagomaggiore.com\\\/de\\\/\",\"logo\":{\"@type\":\"ImageObject\",\"inLanguage\":\"de\",\"@id\":\"https:\\\/\\\/www.bnblagomaggiore.com\\\/de\\\/#\\\/schema\\\/logo\\\/image\\\/\",\"url\":\"https:\\\/\\\/www.bnblagomaggiore.com\\\/wp-content\\\/uploads\\\/2020\\\/08\\\/logo-bnb-lago-maggiore.png\",\"contentUrl\":\"https:\\\/\\\/www.bnblagomaggiore.com\\\/wp-content\\\/uploads\\\/2020\\\/08\\\/logo-bnb-lago-maggiore.png\",\"width\":300,\"height\":300,\"caption\":\"B&B Lago Maggiore - Cannobio\"},\"image\":{\"@id\":\"https:\\\/\\\/www.bnblagomaggiore.com\\\/de\\\/#\\\/schema\\\/logo\\\/image\\\/\"}}]}<\/script>\n<!-- \/ Yoast SEO plugin. -->","yoast_head_json":{"title":"B&B mit Seeblick in Cannobio inmitten eines ruhigen Gartens","description":"Wir sind ein k\u00fcrzlich renoviertes, familiengef\u00fchrtes B&B in Cannobio, nur wenige Kilometer von der Schweiz entfernt","robots":{"index":"index","follow":"follow","max-snippet":"max-snippet:-1","max-image-preview":"max-image-preview:large","max-video-preview":"max-video-preview:-1"},"canonical":"https:\/\/www.bnblagomaggiore.com\/de\/uber-uns\/","og_locale":"de_DE","og_type":"article","og_title":"B&B mit Seeblick in Cannobio inmitten eines ruhigen Gartens","og_description":"Wir sind ein k\u00fcrzlich renoviertes, familiengef\u00fchrtes B&B in Cannobio, nur wenige Kilometer von der Schweiz entfernt","og_url":"https:\/\/www.bnblagomaggiore.com\/de\/uber-uns\/","og_site_name":"B&amp;B Lago Maggiore","article_modified_time":"2023-01-30T12:02:24+00:00","og_image":[{"url":"https:\/\/www.bnblagomaggiore.com\/wp-content\/uploads\/2022\/12\/bnb-lago-maggiore-4.jpg","type":"","width":"","height":""}],"schema":{"@context":"https:\/\/schema.org","@graph":[{"@type":"WebPage","@id":"https:\/\/www.bnblagomaggiore.com\/de\/uber-uns\/","url":"https:\/\/www.bnblagomaggiore.com\/de\/uber-uns\/","name":"B&B mit Seeblick in Cannobio inmitten eines ruhigen Gartens","isPartOf":{"@id":"https:\/\/www.bnblagomaggiore.com\/de\/#website"},"primaryImageOfPage":{"@id":"https:\/\/www.bnblagomaggiore.com\/de\/uber-uns\/#primaryimage"},"image":{"@id":"https:\/\/www.bnblagomaggiore.com\/de\/uber-uns\/#primaryimage"},"thumbnailUrl":"https:\/\/www.bnblagomaggiore.com\/wp-content\/uploads\/2022\/12\/bnb-lago-maggiore-4.jpg","datePublished":"2020-02-06T08:07:30+00:00","dateModified":"2023-01-30T12:02:24+00:00","description":"Wir sind ein k\u00fcrzlich renoviertes, familiengef\u00fchrtes B&B in Cannobio, nur wenige Kilometer von der Schweiz entfernt","breadcrumb":{"@id":"https:\/\/www.bnblagomaggiore.com\/de\/uber-uns\/#breadcrumb"},"inLanguage":"de","potentialAction":[{"@type":"ReadAction","target":["https:\/\/www.bnblagomaggiore.com\/de\/uber-uns\/"]}]},{"@type":"ImageObject","inLanguage":"de","@id":"https:\/\/www.bnblagomaggiore.com\/de\/uber-uns\/#primaryimage","url":"https:\/\/www.bnblagomaggiore.com\/wp-content\/uploads\/2022\/12\/bnb-lago-maggiore-4.jpg","contentUrl":"https:\/\/www.bnblagomaggiore.com\/wp-content\/uploads\/2022\/12\/bnb-lago-maggiore-4.jpg"},{"@type":"BreadcrumbList","@id":"https:\/\/www.bnblagomaggiore.com\/de\/uber-uns\/#breadcrumb","itemListElement":[{"@type":"ListItem","position":1,"name":"Home","item":"https:\/\/www.bnblagomaggiore.com\/de\/"},{"@type":"ListItem","position":2,"name":"Uber uns"}]},{"@type":"WebSite","@id":"https:\/\/www.bnblagomaggiore.com\/de\/#website","url":"https:\/\/www.bnblagomaggiore.com\/de\/","name":"B&B Lago Maggiore - Cannobio","description":"B&amp;B Lago Maggiore","publisher":{"@id":"https:\/\/www.bnblagomaggiore.com\/de\/#organization"},"potentialAction":[{"@type":"SearchAction","target":{"@type":"EntryPoint","urlTemplate":"https:\/\/www.bnblagomaggiore.com\/de\/?s={search_term_string}"},"query-input":{"@type":"PropertyValueSpecification","valueRequired":true,"valueName":"search_term_string"}}],"inLanguage":"de"},{"@type":"Organization","@id":"https:\/\/www.bnblagomaggiore.com\/de\/#organization","name":"B&B Lago Maggiore - Cannobio","url":"https:\/\/www.bnblagomaggiore.com\/de\/","logo":{"@type":"ImageObject","inLanguage":"de","@id":"https:\/\/www.bnblagomaggiore.com\/de\/#\/schema\/logo\/image\/","url":"https:\/\/www.bnblagomaggiore.com\/wp-content\/uploads\/2020\/08\/logo-bnb-lago-maggiore.png","contentUrl":"https:\/\/www.bnblagomaggiore.com\/wp-content\/uploads\/2020\/08\/logo-bnb-lago-maggiore.png","width":300,"height":300,"caption":"B&B Lago Maggiore - Cannobio"},"image":{"@id":"https:\/\/www.bnblagomaggiore.com\/de\/#\/schema\/logo\/image\/"}}]}},"_links":{"self":[{"href":"https:\/\/www.bnblagomaggiore.com\/de\/wp-json\/wp\/v2\/pages\/76529","targetHints":{"allow":["GET"]}}],"collection":[{"href":"https:\/\/www.bnblagomaggiore.com\/de\/wp-json\/wp\/v2\/pages"}],"about":[{"href":"https:\/\/www.bnblagomaggiore.com\/de\/wp-json\/wp\/v2\/types\/page"}],"author":[{"embeddable":true,"href":"https:\/\/www.bnblagomaggiore.com\/de\/wp-json\/wp\/v2\/users\/1"}],"replies":[{"embeddable":true,"href":"https:\/\/www.bnblagomaggiore.com\/de\/wp-json\/wp\/v2\/comments?post=76529"}],"version-history":[{"count":0,"href":"https:\/\/www.bnblagomaggiore.com\/de\/wp-json\/wp\/v2\/pages\/76529\/revisions"}],"wp:attachment":[{"href":"https:\/\/www.bnblagomaggiore.com\/de\/wp-json\/wp\/v2\/media?parent=76529"}],"curies":[{"name":"wp","href":"https:\/\/api.w.org\/{rel}","templated":true}]}}